{"id":7437,"date":"2022-11-17T11:29:27","date_gmt":"2022-11-17T10:29:27","guid":{"rendered":"https:\/\/tomasliska.com\/invisible-world\/"},"modified":"2022-12-09T23:40:58","modified_gmt":"2022-12-09T22:40:58","slug":"invisible-world","status":"publish","type":"page","link":"https:\/\/tomasliska.com\/en\/invisible-world\/","title":{"rendered":"Invisible World"},"content":{"rendered":"\n\n\t\t\t<h1>INVISIBLE WORLD<\/h1>\t\t\t\n\t\t\t\t<h2>Tom\u00e1\u0161 Li\u0161ka&#8217;s Original Quartet<\/h2>\n\t\t\t<a href=\"\" target=\"_self\" role=\"button\" aria-label=\"Buy the latest album\" rel=\"noopener\">\n\t\t\t\t\t\t\tBuy the latest album\n\t\t<\/a>\n\t<p>Tom\u00e1\u0161 Li\u0161ka\u00b4s <strong>&#8220;Invisible World&#8221;<\/strong> is a truly unique venture within the landscape of contemporary Czech music. The project\u00b4s own musical compositions combine elements of Jazz, chamber music and World Music from the Mediterranean and South-Eastern regions of the European continent.<\/p>\n<p>Their approach is not based on individual exhibitions, but rather on a philosophy where music is a clear and crystalline medium which irradiates a rich palette of emotional hues. These are inspired by strong melodies which are adorned by a subtle and seemingly effortless lacework of improvisation.<\/p>\n<p><strong>Invisible World<\/strong> performed on World &amp; Jazz Festivals and venues across Europe, Africa, Japan, Scotland and United Kingdom.<\/p>\n\t<p>2017 was awarded the Audience Award on the international music conference Ostrava Music Crossroads and recieved the invitation on Ritmo Festival in Budapest.<\/p>\n<p>2018 got nomination on Czech &#8220;Grammy&#8221; award Ceny Andel in category Jazz &amp; Blues. The band was selected by the committee for the showcase at one of the best world music conference WOMEX 2018.<\/p>\n<p>2020 album Hope was released under the own label Invisible Records<\/p>\n<p>2021 WINNER of Czech Music Awards. Album Hope was awarded as the best album in category of Jazz!<\/p>\n<p>Efe Turumtay (violin) was born in Istanbul, Nikola Zari\u0107 (accordion) in Serbia and Kamil Slez\u00e1k (drums) in Moravia. Tom\u00e1\u0161 Li\u0161ka (upright bass) met all three in the course of his musical journeys around the world, while tirelessly searching for fascinating interactions between instruments and cultures which would enthrall both him and his audiences.<\/p>\n\t\t\t\t<img loading=\"lazy\" decoding=\"async\" src=\"https:\/\/tomasliska.com\/assets\/uploads\/sites\/1372\/2022\/11\/tomas-solo.jpg\" alt=\"Tomas_solo\" height=\"1074\" width=\"1074\" title=\"Tomas_solo\" \/>\n\t<h2>Tom\u00e1\u0161 Li\u0161ka<\/h2>\n\t\t\t\t\t\t\t\t<a href=\"https:\/\/tomasliska.com\/bio\/\" target=\"_self\" rel=\"noopener\">\n\t\t\t\t\t\t<\/a>\n\t\t<h3><a href=\"https:\/\/tomasliska.com\/bio\/\" target=\"_self\" rel=\"noopener\"><\/a><\/h3>\t\t\n\t\t\t<p><a href=\"http:\/\/tomasliska.com\/bio\/\">Complete Biography Here<\/a><\/p>\n\t\t\t\t\n\t\t\t<p>Is a young Serbian virtuoso accordionist. He studied at the Musical Academy in Vienna and received numerous presitigious awards. He currently resides in Vienna, where he teaches at the Musical Academy and performs at festivals and venues across Europe.<\/p>\n\t\t\t\t<img decoding=\"async\" src=\"https:\/\/tomasliska.com\/assets\/uploads\/sites\/1372\/2022\/11\/nikola01.jpg\" alt=\"Nikola01\" title=\"Nikola01\" \/>\n\t<h2>Nikola Zari\u0107<\/h2>\n\t\t\t\t<img decoding=\"async\" src=\"https:\/\/tomasliska.com\/assets\/uploads\/sites\/1372\/2022\/11\/efe01.jpg\" alt=\"Efe01\" title=\"Efe01\" \/>\n\t<h2>Efe Turumtay<\/h2>\n\t\t\t\t\n\t\t\t<p>Was born in Istanbul where he studied both classical and traditional violin at the conservatory. In his own projects he seeks to find a very personal style and sound which marries Western techniques with the traditional Arabic quarter-tone melodic system. He currently lives in Vienna.<\/p>\n\t\t\t\t\n\t\t\t<p>Studied drums and percussion instrument at Janacek Academy in Ostrava (CZ), and subsequently at the universit\u00e4t Derstellende Kunst in Wienna. Besides many music activities across the genres he leads students at Janacek Academy in Brno since 2007.<\/p>\n\t\t\t\t<img decoding=\"async\" src=\"https:\/\/tomasliska.com\/assets\/uploads\/sites\/1372\/2022\/11\/kamil.jpg\" alt=\"Kamil\" title=\"Kamil\" \/>\n\t<h2>Kamil Slez\u00e1k<\/h2>\n\n","protected":false},"excerpt":{"rendered":"<p>INVISIBLE WORLD Tom\u00e1\u0161 Li\u0161ka&#8217;s Original Quartet Buy the latest album Tom\u00e1\u0161 Li\u0161ka\u00b4s &#8220;Invisible World&#8221; is a truly unique venture within the landscape of contemporary Czech music. The project\u00b4s own musical compositions combine elements of Jazz, chamber music and World Music from the Mediterranean and South-Eastern regions of the European continent. Their approach is not based&hellip;<\/p>\n","protected":false},"author":935,"featured_media":0,"parent":0,"menu_order":0,"comment_status":"closed","ping_status":"closed","template":"","meta":{"footnotes":""},"class_list":["post-7437","page","type-page","status-publish","hentry"],"_links":{"self":[{"href":"https:\/\/tomasliska.com\/en\/wp-json\/wp\/v2\/pages\/7437","targetHints":{"allow":["GET"]}}],"collection":[{"href":"https:\/\/tomasliska.com\/en\/wp-json\/wp\/v2\/pages"}],"about":[{"href":"https:\/\/tomasliska.com\/en\/wp-json\/wp\/v2\/types\/page"}],"author":[{"embeddable":true,"href":"https:\/\/tomasliska.com\/en\/wp-json\/wp\/v2\/users\/935"}],"replies":[{"embeddable":true,"href":"https:\/\/tomasliska.com\/en\/wp-json\/wp\/v2\/comments?post=7437"}],"version-history":[{"count":5,"href":"https:\/\/tomasliska.com\/en\/wp-json\/wp\/v2\/pages\/7437\/revisions"}],"predecessor-version":[{"id":7699,"href":"https:\/\/tomasliska.com\/en\/wp-json\/wp\/v2\/pages\/7437\/revisions\/7699"}],"wp:attachment":[{"href":"https:\/\/tomasliska.com\/en\/wp-json\/wp\/v2\/media?parent=7437"}],"curies":[{"name":"wp","href":"https:\/\/api.w.org\/{rel}","templated":true}]}}