{"id":7436,"date":"2022-11-17T11:08:35","date_gmt":"2022-11-17T10:08:35","guid":{"rendered":"https:\/\/tomasliska.com\/projekty\/"},"modified":"2022-12-09T23:35:07","modified_gmt":"2022-12-09T22:35:07","slug":"projekty","status":"publish","type":"page","link":"https:\/\/tomasliska.com\/en\/projekty\/","title":{"rendered":"Projects"},"content":{"rendered":"\n\n\t\t\t<h1>INVISIBLE WORLD<\/h1>\t\t\t\n\t\t\t\t<h2>Tom\u00e1\u0161 Li\u0161ka&#8217;s Original Quartet<\/h2>\n\t\t\t<a href=\"https:\/\/tomasliska.com\/invisible-world\/\" target=\"_self\" role=\"button\" aria-label=\"Buy the latest album\" rel=\"noopener\">\n\t\t\t\t\t\t\tBuy the latest album\n\t\t<\/a>\n\t\t\t<h5>FROM MY WORLD OF MUSIC YOU CAN<\/h5><h3>RECEIVE THE NEWS<\/h3>\t\t\t\n\t\t\t\t<!-- Inline Block Space Fix \n\t\t\t\t-->\n\t\t\t\t<!-- Inline Block Space Fix\n\t\t\t\t-->\n\t\t\t\t\t\n\t\t\t\t\t\t\t\t\t\t<label for=\"uabb-subscribe-form-email\">Your email adress<\/label>\n\t\t\t\t\t\t\t\t\t\t\t!\n\t\t\t\t<!-- Inline Block Space Fix\t\n\t\t\t\t--><!-- Inline Block Space Fix\t\n\t\t\t\t-->\n\t\t\t<a href=\"#\" target=\"_self\" role=\"button\" aria-label=\"WE ARE IN TOUCH\" rel=\"noopener\">\n\t\t\t\t\t\t\tWE ARE IN TOUCH\n\t\t<\/a>\n\t\t\t\t\t\tSomething went wrong. Please check your entries and try again.\n\t\t\t<a href=\"#\" id=\"fl-accordion--label-0\">Invisible World<\/a>\n\t\t\t\t\t\t\t<a href=\"#\" id=\"fl-accordion--icon-0\"><i>Expand<\/i><\/a>\n\t\t<p>Complete information <a href=\"https:\/\/tomasliska.com\/en\/invisible-world\/\">about this unique band here&#8230;<\/a><\/p>\n\t\t\t<a href=\"#\" id=\"fl-accordion--label-1\">Robert K\u0159es\u0165an &amp; Druh\u00e1 tr\u00e1va<\/a>\n\t\t\t\t\t\t\t<a href=\"#\" id=\"fl-accordion--icon-1\"><i>Expand<\/i><\/a>\n\t\t<p><img loading=\"lazy\" decoding=\"async\" src=\"https:\/\/tomasliska.com\/assets\/uploads\/sites\/1372\/2022\/11\/druha-trava-promo-foto-2022-dusan-tomanek-1024x683.jpg\" alt=\"\" width=\"1024\" height=\"683\" \/><\/p>\n<p>Druha Trava (which means &#8220;Second Grass&#8221;) was formed in 1991 by singer-songwriter Robert Krestan, banjo and wind instrumentalist Lubos Malina, dobro player Lubos Novotny and other veterans of the Czech acoustic music scene. Today&#8217;s line-up also includes guitarist Emil Formanek and bassist Tomas Liska. DT&#8217;s distinctive sound is based on exceptional musicianship combined with Krestan&#8217;s gritty vocals and original songs. DT &#8220;uses American roots music as a launching pad for its own synthesis of jazz, pop, folk and even classical motifs,&#8221; stated an article about the band in The New York Times. &#8220;In doing so it transforms a quintessential American idiom into a richly textured, highly personal statement that defies genre classification.&#8221; The winner of multiple Czech music awards, DT has a loyal following at home and in the United States. They first performed in the U.S. in 1993 and continue to tour extensively annually. The band has recorded more than a dozen albums, including collaborative CDs with American stars Peter Rowan and Charlie McCoy.<\/p>\n<hr \/>\nRobert K\u0159es\u0165an &#8211; vocal, mandolin, guitar<br \/>\nLubo\u0161 Malina &#8211; banjo, whistles, tenor sax, backing vocals<br \/>\nLubo\u0161 Novotn\u00fd &#8211; dobro, lap steel, backing vocals<br \/>\nRadek Hl\u00e1vka &#8211; guitar, mandolin, backing vocals<br \/>\nTom\u00e1\u0161 Li\u0161ka &#8211; acoustic &amp; electric bass<br \/>\nMartin Nov\u00e1k &#8211; drums and percussions\n<p><img loading=\"lazy\" decoding=\"async\" src=\"https:\/\/tomasliska.com\/assets\/uploads\/sites\/1372\/2022\/11\/dil-prvni.jpg\" alt=\"\" width=\"835\" height=\"768\" \/> <img loading=\"lazy\" decoding=\"async\" src=\"https:\/\/tomasliska.com\/assets\/uploads\/sites\/1372\/2022\/11\/obal-dil-druhy-m.jpg\" alt=\"\" width=\"1000\" height=\"1000\" \/><\/p>\n<p>&nbsp;<\/p>\n\t\t\t<a href=\"#\" id=\"fl-accordion--label-2\">T.E.L.D. \/\/ Turumtay \/ Erdo\u011fan \/ Li\u0161ka \/ D\u00e9s \/\/<\/a>\n\t\t\t\t\t\t\t<a href=\"#\" id=\"fl-accordion--icon-2\"><i>Expand<\/i><\/a>\n\t\t<p><img loading=\"lazy\" decoding=\"async\" src=\"https:\/\/tomasliska.com\/assets\/uploads\/sites\/1372\/2022\/11\/11-turumtay-erdogan-liska-des-jihocesky-jazzfest-20220805-0568-1024x683.jpg\" alt=\"\" width=\"1024\" height=\"683\" \/><\/p>\n<p>Turumtay \/ Erdogan \/ Li\u0161ka \/ D\u00e9s is a quartet of extraordinary virtuosi with different musical and cultural backgrounds, exploring ever-widening musical horizons on their quest to find a collective identity.<\/p>\n<p>Vienna-based violinist Efe Turumtay is accompanied by Tom\u00e1\u0161 Li\u0161ka&#8217;s dazzling bass lines, Andr\u00e1s D\u00e9s&#8217;s moving rhythm partitions and melancholic tunes of Turkish fretless guitar virtuoso Cenk Erdogan.<\/p>\nEfe Turumtay &#8211; violin<br \/>\nCenk Erdo\u011fan &#8211; fretless guitar<br \/>\nTom\u00e1\u0161 Li\u0161ka &#8211; double bass<br \/>\nAndr\u00e1s D\u00e9s &#8211; percussion\n<p>Andr\u00e1s D\u00e9s &#8211; perkuse<\/p>\n<p><iframe loading=\"lazy\" title=\"Zephyr - Erdo\u011fan \/ Turumtay \/ Li\u0161ka \/ D\u00e9s\" width=\"500\" height=\"281\" src=\"https:\/\/www.youtube.com\/embed\/bcjGm95wyYU?start=16&#038;feature=oembed\" frameborder=\"0\" allow=\"accelerometer; autoplay; clipboard-write; encrypted-media; gyroscope; picture-in-picture; web-share\" referrerpolicy=\"strict-origin-when-cross-origin\" allowfullscreen><\/iframe><\/p>\n\t\t\t<a href=\"#\" id=\"fl-accordion--label-3\">Tom\u00e1\u0161 Hobzek Quartet<\/a>\n\t\t\t\t\t\t\t<a href=\"#\" id=\"fl-accordion--icon-3\"><i>Expand<\/i><\/a>\n\t\t<p><img loading=\"lazy\" decoding=\"async\" src=\"https:\/\/tomasliska.com\/assets\/uploads\/sites\/1372\/2022\/11\/thq01-1024x683.jpg\" alt=\"\" width=\"1024\" height=\"683\" \/><\/p>\n<p>Tom\u00e1\u0161\u00a0Hobzek, drummer and a founding member of Organic Quartet, describes his style as modern jazz or improvised music with the elements of avant-garde jazz. \u201e<em>I suppose, thematically, I have been most strongly influenced by musicians such as Brad Mehldau, Kurt Rosenwinkel, Aaron Parks, and their generation in general. In terms of sound, the strongest influence has probably been the Wayne Shorter Quartet. Generally, I&#8217;m most interested in simple themes and their application and development in extensive improvisations.&#8221;<\/em><\/p>\nMarcel B\u00e1rta &#8211; tenor, sopran saxofon, efects<br \/>\nV\u00edtek K\u0159i\u0161\u0165an &#8211; piano, Fender Rhodes, synth<br \/>\nTom\u00e1\u0161 Li\u0161ka &#8211; double bass<br \/>\nTom\u00e1\u0161 Hobzek &#8211; drums\n\t\t\t<a href=\"#\" id=\"fl-accordion--label-4\">Malina Li\u0161ka Nejtek<\/a>\n\t\t\t\t\t\t\t<a href=\"#\" id=\"fl-accordion--icon-4\"><i>Expand<\/i><\/a>\n\t\t<p><img loading=\"lazy\" decoding=\"async\" src=\"https:\/\/tomasliska.com\/assets\/uploads\/sites\/1372\/2022\/11\/malinej-01-1024x916.jpg\" alt=\"\" width=\"1024\" height=\"916\" \/><\/p>\n<p>The three musicians that make up the instrumental trio Malina-Li\u0161ka-Nejtek are rooted in three very diverse musical genres. Together they find common ground in a style which could be defined, somewhat all-encompassingly, as &#8220;New Acoustic Music&#8221;. Their first joint performance took place in November 2014 in the Bohemian town of \u010cesk\u00fd Krumlov and by the end of 2015 they released their debut album <em>Fragile Bliss<\/em> (Animal Music).<\/p>\n<p>The trio\u00b4s repertoire relies primarily on original compositions by multi-instrumentalist Lubo\u0161 Malina (a regular member of the bands Druh\u00e1 tr\u00e1va, Garcia, Kon Sira and Malina Brothers) and upright bass player Tom\u00e1\u0161 Li\u0161ka (Druh\u00e1 tr\u00e1va, David Dor\u016f\u017eka Trio, Kon Sira, Points Quartet). They are complemented, in turn, with compositions by pianist Michal Nejtek (Kollerband, Michal Pavl\u00ed\u010dek, NTS). The music arising from their interaction and mutual inspiration does not intend to be necessarily &#8220;new&#8221; or &#8220;different&#8221;, but (hopefully) cheerful, dynamic, playful, and open in equal measure to the possibilities of melody and to journeys outside the boundaries of genre. Only time will reveal where these journeys will lead!<\/p>\n<p>&nbsp;<\/p>\n\t\t\t<a href=\"#\" id=\"fl-accordion--label-5\">P\u00e9nte<\/a>\n\t\t\t\t\t\t\t<a href=\"#\" id=\"fl-accordion--icon-5\"><i>Expand<\/i><\/a>\n\t\t<p><img loading=\"lazy\" decoding=\"async\" src=\"https:\/\/tomasliska.com\/assets\/uploads\/sites\/1372\/2022\/11\/pente-01-1.jpg\" alt=\"\" width=\"578\" height=\"800\" \/><\/p>\n<p>P\u00e9nte is a new imaginative project by bassist and composer Tomas Liska, hailing from the Czech Republic. Tomas chose four German colleagues and then\u00a0they\u00a0embarked on an experimental voyage together. The path\u00a0is, sometimes wild, sometimes toughtful, sometimes joyous, sometimes debateful, but still respects the inclination towards chamber dialogue.<\/p>\n<p>The music unites the improvisational, classical, as well as song and jazz forms, working with contrasting layers and sounds, with space in the compositions, all of which creates a balance across these genres.<\/p>\nTomas Liska (CZ) &#8211; acoustic bass<br \/>\nFabiana Striffler (D) &#8211; violin<br \/>\n\u0160imon Marek (CZ) &#8211; cello<br \/>\nMarkus Ehrlich (D) &#8211; clarinets<br \/>\nNatalie Hausmann (D) &#8211; tenor sax\n<p>In December 2014 the band released brand new album Bercheros Odyssey.<\/p>\n\n","protected":false},"excerpt":{"rendered":"<p>INVISIBLE WORLD Tom\u00e1\u0161 Li\u0161ka&#8217;s Original Quartet Buy the latest album FROM MY WORLD OF MUSIC YOU CAN RECEIVE THE NEWS Your email adress ! WE ARE IN TOUCH Something went wrong. Please check your entries and try again. Invisible World Expand Complete information about this unique band here&#8230; Robert K\u0159es\u0165an &amp; Druh\u00e1 tr\u00e1va Expand Druha&hellip;<\/p>\n","protected":false},"author":935,"featured_media":0,"parent":0,"menu_order":0,"comment_status":"closed","ping_status":"closed","template":"","meta":{"footnotes":""},"class_list":["post-7436","page","type-page","status-publish","hentry"],"_links":{"self":[{"href":"https:\/\/tomasliska.com\/en\/wp-json\/wp\/v2\/pages\/7436","targetHints":{"allow":["GET"]}}],"collection":[{"href":"https:\/\/tomasliska.com\/en\/wp-json\/wp\/v2\/pages"}],"about":[{"href":"https:\/\/tomasliska.com\/en\/wp-json\/wp\/v2\/types\/page"}],"author":[{"embeddable":true,"href":"https:\/\/tomasliska.com\/en\/wp-json\/wp\/v2\/users\/935"}],"replies":[{"embeddable":true,"href":"https:\/\/tomasliska.com\/en\/wp-json\/wp\/v2\/comments?post=7436"}],"version-history":[{"count":9,"href":"https:\/\/tomasliska.com\/en\/wp-json\/wp\/v2\/pages\/7436\/revisions"}],"predecessor-version":[{"id":7698,"href":"https:\/\/tomasliska.com\/en\/wp-json\/wp\/v2\/pages\/7436\/revisions\/7698"}],"wp:attachment":[{"href":"https:\/\/tomasliska.com\/en\/wp-json\/wp\/v2\/media?parent=7436"}],"curies":[{"name":"wp","href":"https:\/\/api.w.org\/{rel}","templated":true}]}}