{"id":7434,"date":"2022-11-17T00:42:18","date_gmt":"2022-11-16T23:42:18","guid":{"rendered":"https:\/\/tomasliska.com\/home\/"},"modified":"2022-12-09T23:21:08","modified_gmt":"2022-12-09T22:21:08","slug":"home","status":"publish","type":"page","link":"https:\/\/tomasliska.com\/en\/","title":{"rendered":"Home"},"content":{"rendered":"\n\n\t\t\t<h5>FROM MY WORLD OF MUSIC YOU CAN<\/h5><h3>RECEIVE THE NEWS<\/h3>\t\t\t\n\t\t\t\t<!-- Inline Block Space Fix \n\t\t\t\t-->\n\t\t\t\t<!-- Inline Block Space Fix\n\t\t\t\t-->\n\t\t\t\t\t\n\t\t\t\t\t\t\t\t\t\t<label for=\"uabb-subscribe-form-email\">Your email adress<\/label>\n\t\t\t\t\t\t\t\t\t\t\t!\n\t\t\t\t<!-- Inline Block Space Fix\t\n\t\t\t\t--><!-- Inline Block Space Fix\t\n\t\t\t\t-->\n\t\t\t<a href=\"#\" target=\"_self\" role=\"button\" aria-label=\"WE ARE IN TOUCH\" rel=\"noopener\">\n\t\t\t\t\t\t\tWE ARE IN TOUCH\n\t\t<\/a>\n\t\t\t\t\t\tSomething went wrong. Please check your entries and try again.\n\t\t\t\t<img decoding=\"async\" src=\"https:\/\/tomasliska.com\/assets\/uploads\/sites\/1372\/2022\/11\/obal-dil-druhy-m.jpg\" alt=\"obal-dil-druhy_m\" title=\"obal-dil-druhy_m\" \/>\n\t\t\t<h3>D\u00edl druh\u00fd just released!<\/h3>\t\t\t\n\t\t\t\t<p>Brand new album of the band Robert K\u0159es\u0165an &amp; Druh\u00e1 tr\u00e1va just released!<\/p>\n<p>You can order this fantastic album at the official <a href=\"https:\/\/shop.druhatrava.cz\/\" target=\"_blank\" rel=\"noopener\">web pages here.<\/a><\/p>\n\t\t\t<h3>King n&#8217; Doom performing @ Colours of Ostrava festival<\/h3>\t\t\n\t\t\t\t<img decoding=\"async\" src=\"https:\/\/tomasliska.com\/assets\/uploads\/sites\/1372\/2022\/11\/knd.jpeg\" alt=\"KnD\" title=\"KnD\" \/>\n\t\t\t\t<p>This ultra international project is gonna perform at one of the best festivals in Czechia &#8211; Colours of Ostrava. King n&#8217; Doom it&#8217;s connection of the musicians from West Africa, Egland, Israel &amp; Czechia!<\/p>\n\t\t\t<h3>Stven Johnston &#8211; Damask Rose<\/h3>\t\t\n\t\t\t\t<img decoding=\"async\" src=\"https:\/\/tomasliska.com\/assets\/uploads\/sites\/1372\/2022\/11\/damask-rose.jpeg\" alt=\"damask_rose\" title=\"damask_rose\" \/>\n\t\t\t\t<p>I was invited as a guest for the recording of Scottish singer &amp; songwriter Steven Johnston! Amazing music! <a href=\"https:\/\/open.spotify.com\/album\/1K5bt6oRPSNOfSqJtBS9fj?si=qUQNPZh8Q2ulKB0aUzpZDQ\" target=\"_blank\" rel=\"noopener\">Spotify link here.<\/a><\/p>\n\t\t\t<h3>Album Hope has been nominated for Czech music award Ceny And\u011bl in the jazz category!<\/h3>\t\t\n\t\t\t\t<img decoding=\"async\" src=\"https:\/\/tomasliska.com\/assets\/uploads\/sites\/1372\/2022\/11\/ceny-andel-01.jpeg\" alt=\"Ceny_Andel_01\" title=\"Ceny_Andel_01\" \/>\n\t\t\t<h3>HOPE &#8211; my new album is out!<\/h3>\t\t\n\t\t\t\t<img decoding=\"async\" src=\"https:\/\/tomasliska.com\/assets\/uploads\/sites\/1372\/2022\/11\/hope-01.jpg\" alt=\"Hope_01\" title=\"Hope_01\" \/>\n\t\t\t\t<p>Only a select few Czech musicians can claim the honor of being nominated for a Czech Music Industry&#8217;s And\u011bl Award for every one of their albums. One of them is the pre-eminent Czech bassist Tom\u00e1\u0161 Li\u0161ka, now releasing his fifth album, &#8216;Hope&#8217; with his group.\u00a0<\/p>\n\t\t\t<h3>Invited to the recording session of Lenka Lichtenberg. Album Masaryk just released<\/h3>\t\t\n\t\t\t\t<img decoding=\"async\" src=\"https:\/\/tomasliska.com\/assets\/uploads\/sites\/1372\/2022\/11\/lenka-lichtenberg-masaryk-narodni-pisne.jpg\" alt=\"lenka-lichtenberg_masaryk-narodni-pisne\" title=\"lenka-lichtenberg_masaryk-narodni-pisne\" \/>\n\t\t\t\t<p>Tom\u00e1\u0161 Li\u0161ka was participating as bass player on the last album of very respected world music singer and composer\u00a0<a href=\"https:\/\/www.lenkalichtenberg.com\/home\" target=\"_blank\" rel=\"noreferrer noopener\">Lenka Lichtenberg<\/a>.<br \/>The album is collecting many great reviews and is nominated for several world music awards!<\/p>\n\t\t\t<h3>Songbook just printed out!<\/h3>\t\t\n\t\t\t\t<img decoding=\"async\" src=\"https:\/\/tomasliska.com\/assets\/uploads\/sites\/1372\/2022\/11\/songbook-01.png\" alt=\"Songbook-01\" title=\"Songbook-01\" \/>\n\t\t\t\t<p>My first songbook is here!<br \/>There are lead sheets &amp; piano transcriptions for each of 12 tunes selected from albums Invisible World &amp; Invisible Faces.<br \/>Songs were selected for all levels from beginner to advanced.<br \/>ENJOY THE MUSIC!!!<\/p>\n<p>For orders please check my store or drop me an email.<\/p>\n\t\t\t<h3>Song Lines Magazin &#8211; great review<\/h3>\t\t\n\t\t\t\t<img decoding=\"async\" src=\"https:\/\/tomasliska.com\/assets\/uploads\/sites\/1372\/2022\/11\/songlines-133-cover.jpg\" alt=\"songlines-133-cover\" title=\"songlines-133-cover\" \/>\n\t\t\t\t<p>Album Invisible Faces got great review in respected UK world music magazine Song Lines!<\/p>\n\t\t\t<h3>Nov\u00e9 CD of project Points \/ Rataj Quintet<\/h3>\t\t\n\t\t\t\t<img decoding=\"async\" src=\"https:\/\/tomasliska.com\/assets\/uploads\/sites\/1372\/2022\/11\/pointsratajq.jpg\" alt=\"PointsRatajQ\" title=\"PointsRatajQ\" \/>\n\t\t\t<h3>Andel Award for Bercheros Odyssey<\/h3>\t\t\n\t\t\t\t<img decoding=\"async\" src=\"https:\/\/tomasliska.com\/assets\/uploads\/sites\/1372\/2022\/11\/bercheros-odyssey.jpg\" alt=\"Bercheros_Odyssey\" title=\"Bercheros_Odyssey\" \/>\n\t\t\t\t<p>Bercheros Odyssey has been nominated for the Andel award 2014 (Czech grammy) in the Jazz &amp; Blues category.<br \/>It is the third nomination in a row for Tomas Liska&#8217;s solo CD&#8217;s.<\/p>\n\t\t\t<h3>Performing as a guest on the new album of singer-songwriter Petr Hlou\u0161ek.<\/h3>\t\t\n\t\t\t\t<img decoding=\"async\" src=\"https:\/\/tomasliska.com\/assets\/uploads\/sites\/1372\/2022\/11\/hlousek.jpg\" alt=\"Hlousek\" title=\"Hlousek\" \/>\n\t\t\t<h3>Invisible World &amp; Symphony Orchestra<\/h3>\t\t\n\t\t\t\t<img decoding=\"async\" src=\"https:\/\/tomasliska.com\/assets\/uploads\/sites\/1372\/2022\/11\/socr-01.jpeg\" alt=\"socr_01\" title=\"socr_01\" \/>\n\t\t\t\t<p><strong>Bastien Stil <\/strong>conductor | <strong>Tom\u00e1\u0161 Li\u0161ka<\/strong> double bass | <strong>Nikola Zari\u0107<\/strong> accordion | <strong>Efe Turumtay <\/strong>violin | <strong>Kamil Slez\u00e1k\u00a0<\/strong>drums<\/p>\n<p>One and only concert (so far) of my band Invisible World &amp; Czech Radio Symphony Orchestra is gonna happen on\u00a0<strong>20.10.2022<\/strong> od 19:30 @ DOX Prague!<\/p>\n<p><a href=\"https:\/\/socr.rozhlas.cz\/mezi-svety-8746105\">https:\/\/socr.rozhlas.cz\/mezi-svety-8746105<\/a><\/p>\n\t\t\t<h3>Perform at the new album of Czech singer &amp; Songwriter Vladim\u00edr V\u00e1clavek &#8211; Fly&#8230;Tak le\u0165!<\/h3>\t\t\n\t\t\t\t<img decoding=\"async\" src=\"https:\/\/tomasliska.com\/assets\/uploads\/sites\/1372\/2022\/11\/fly-tak-let.png\" alt=\"FLY-tak-let\" title=\"FLY-tak-let\" \/>\n\t\t\t<h3>SO\u010cR &amp; Tom\u00e1\u0161 S\u00fdkora Trio<\/h3>\t\t\n\t\t\t\t<img decoding=\"async\" src=\"https:\/\/tomasliska.com\/assets\/uploads\/sites\/1372\/2022\/11\/thumbs-socr03.jpg\" alt=\"thumbs_socr03\" title=\"thumbs_socr03\" \/>\n\t\t\t\t<p>Perform at the brand new projest of pianist Tom\u00e1\u0161 S\u00fdkora in connection with Symphony Orchestra.<\/p>\n\t\t\t<h3>New videos from our performance @ Womex 2018<\/h3>\t\t\n\t\t\t\t<img decoding=\"async\" src=\"https:\/\/tomasliska.com\/assets\/uploads\/sites\/1372\/2022\/11\/womex-vid-01.png\" alt=\"Womex_vid_01\" title=\"Womex_vid_01\" \/>\n\t\t\t\t<p>Las Palmas de Gran Canaria &#8211; Auditorio Alfredo Krauss. Check my <a href=\"https:\/\/www.youtube.com\/channel\/UCxHlmj_BPgX42dCq1R0pR1g\" target=\"_blank\" rel=\"noopener\">YouTube chanel<\/a>.<\/p>\n\t\t\t<h3>Nominations at Ceny And\u011bl Awards 2017<\/h3>\t\t\n\t\t\t\t<img decoding=\"async\" src=\"https:\/\/tomasliska.com\/assets\/uploads\/sites\/1372\/2022\/11\/ceny-andel-01.png\" alt=\"Ceny_andel_01\" title=\"Ceny_andel_01\" \/>\n\t\t\t\t<p>Album Invisible Faces is nominated by Czech Music Academy for Czech &#8220;Grammy&#8221; awards &#8211; <a href=\"http:\/\/www.andelceny.cz\/#domu\" target=\"_blank\" rel=\"noreferrer noopener\">Andel 2017<\/a> in the category Jazz. Main ceremony will happen on 20th of March in Forum Karlin, Prague.<\/p>\n\t\t\t<h3>Another prize from Ostrava Music Crossroads festival.<\/h3>\t\t\n\t\t\t\t<img decoding=\"async\" src=\"https:\/\/tomasliska.com\/assets\/uploads\/sites\/1372\/2022\/11\/crossroads-award.jpg\" alt=\"crossroads-award\" title=\"crossroads-award\" \/>\n\t\t\t<h3>Tom\u00e1\u0161 Li\u0161ka &amp; Invisible World brand new album released<\/h3>\t\t\n\t\t\t\t<img decoding=\"async\" src=\"https:\/\/tomasliska.com\/assets\/uploads\/sites\/1372\/2022\/11\/invisible-faces.png\" alt=\"Invisible_faces\" title=\"Invisible_faces\" \/>\n\t\t\t\t<p>Brand new album INVISIBLE FACES is full of original music created in Sono Studios (CZ) with Nikola Zari\u0107, Efe Turumtay, Kamil Slez\u00e1k and as a dear guest &#8211; David Dor\u016f\u017eka on guitars.<\/p>\n\t\t\t<h3>Andel Award for Fragile Bliss<\/h3>\t\t\n\t\t\t\t<img decoding=\"async\" src=\"https:\/\/tomasliska.com\/assets\/uploads\/sites\/1372\/2022\/11\/fragile-bliss.jpg\" alt=\"Fragile_bliss\" title=\"Fragile_bliss\" \/>\n\t\t\t\t<p>The album Fragile Bliss recorded by Tomas Liska, Lubos Malina and Michal Nejtek has been nominated for the Andel award 2015 (Czech grammy) in the Jazz &amp; Blues category! It is the fourth nomination in a row for Tomas Liska&#8217;s solo CD&#8217;s.<\/p>\n\t\t\t<h3>P\u00e9nte &amp; Bercheros Odyssey<\/h3>\t\t\n\t\t\t\t<img decoding=\"async\" src=\"https:\/\/tomasliska.com\/assets\/uploads\/sites\/1372\/2022\/11\/pente-01.jpg\" alt=\"Pente_01\" title=\"Pente_01\" \/>\n\t\t\t\t<p>Tomas Liska just relased brand new:<br \/>&#8211; album Berchros Odyssey<br \/>&#8211; original compositions<br \/>&#8211; concept, sound, spheres&#8230;<br \/>&#8211; colleagues from Czech &amp; Germany<br \/>&#8211; string\/woodwind band named P\u00c9NTE!<\/p>\n\t\t\t<h3>West Africa connection<\/h3>\t\t\n\t\t\t\t<img decoding=\"async\" src=\"https:\/\/tomasliska.com\/assets\/uploads\/sites\/1372\/2022\/11\/cheikh01.jpeg\" alt=\"Cheikh01\" title=\"Cheikh01\" \/>\n\t\t\t\t<p>I was invited into the project King n&#8217; Doom. Two Czech producers stands behind this amazing band Pavel \u0160m\u00edd &amp; Martin Piro.<br \/>It&#8217;s an unique connection of musicians from Israel, Senegal, Burkina Faso, England &amp; Czechia. The leader of the band is Mr. king Cheikh Lo! The first studio track is <a href=\"https:\/\/open.spotify.com\/track\/7Ge848TgiB7KWjzOxWTv7U?si=184af45fdc6a4484\" target=\"_blank\" rel=\"noopener\">already out here!<\/a><\/p>\n\t\t\t<h3>AWARDED!!! The best jazz album of the year id HOPE!<\/h3>\t\t\n\t\t\t\t<img decoding=\"async\" src=\"https:\/\/tomasliska.com\/assets\/uploads\/sites\/1372\/2022\/11\/toma-liska-andel-2020-2.jpeg\" alt=\"Toma-Liska-Andel-2020_2\" title=\"Toma-Liska-Andel-2020_2\" \/>\n\t\t\t\t<p>Tom\u00e1\u0161 Li\u0161ka is the winner of Czech Music Awards 2020! Album Hope is the best jazz album in category of Jazz!<\/p>\n\t\t\t\t<img decoding=\"async\" src=\"https:\/\/tomasliska.com\/assets\/uploads\/sites\/1372\/2022\/11\/online-krest-2.jpg\" alt=\"ONLINE-Krest-2\" title=\"ONLINE-Krest-2\" \/>\n\t\t\t<h3>TURUMTAY \/ ERDO\u011eAN \/ LI\u0160KA \/ D\u00c9S &#8211; NEW PROJECT<\/h3>\t\t\n\t\t\t\t<img decoding=\"async\" src=\"https:\/\/tomasliska.com\/assets\/uploads\/sites\/1372\/2022\/11\/11-turumtay-erdogan-liska-des-jihocesky-jazzfest-20220805-0568.jpg\" alt=\"11_TURUMTAY_ERDOGAN_LISKA_DES_JIHOCESKY_JAZZFEST_20220805-0568\" title=\"11_TURUMTAY_ERDOGAN_LISKA_DES_JIHOCESKY_JAZZFEST_20220805-0568\" \/>\n\t\t\t\t<p>Turumtay \/ Erdogan \/ Li\u0161ka \/ D\u00e9s is a quartet of extraordinary virtuosi with different musical and cultural backgrounds, exploring ever-widening musical horizons on their quest to find a collective identity. Vienna-based violinist Efe Turumtay is accompanied by Tom\u00e1\u0161 Li\u0161ka&#8217;s dazzling bass lines, Andr\u00e1s D\u00e9s&#8217;s moving rhythm partitions and melancholic tunes of Turkish fretless guitar virtuoso Cenk Erdogan.<\/p>\n\t\t\t<h3>Invisible World on tour in Japan!<\/h3>\t\t\n\t\t\t\t<img decoding=\"async\" src=\"https:\/\/tomasliska.com\/assets\/uploads\/sites\/1372\/2022\/11\/japan-01.jpg\" alt=\"Japan_01\" title=\"Japan_01\" \/>\n\t\t\t<h3>Invisible World is in the official selection of Womex 2018<\/h3>\t\t\n\t\t\t\t<img decoding=\"async\" src=\"https:\/\/tomasliska.com\/assets\/uploads\/sites\/1372\/2022\/11\/womex18-black.jpg\" alt=\"womex18_black\" title=\"womex18_black\" \/>\n\t\t\t<h3>Invisible World na Czech Music Crossroads<\/h3>\t\t\n\t\t\t\t<img decoding=\"async\" src=\"https:\/\/tomasliska.com\/assets\/uploads\/sites\/1372\/2022\/11\/crossroads.jpeg\" alt=\"crossroads\" title=\"crossroads\" \/>\n\t\t\t<h3>New album of project Mamatohe<\/h3>\t\t\n\t\t\t\t<img decoding=\"async\" src=\"https:\/\/tomasliska.com\/assets\/uploads\/sites\/1372\/2022\/11\/mamatohe-cover.jpg\" alt=\"Mamatohe_cover\" title=\"Mamatohe_cover\" \/>\n\t\t\t\t<p>International quartet MAMATOHE, composed of Czech bassist Tom\u00e1\u0161 Li\u0161ka, Czech saxophonist Marcel B\u00e1rta, Mexican pianist Mark Aanderud and Argentinian drummer Hernan Hecht, recorded ist eponymous album at the end of their 2012\u00a0tour. The album is made of compositions by all participating musicians, especially their collective improvisations, and it captures the band in an excellent chemistry of mutual musical interconnection.<\/p>\n\t\t\t<h3>Andel Award for Milokraj<\/h3>\t\t\n\t\t\t\t<img decoding=\"async\" src=\"https:\/\/tomasliska.com\/assets\/uploads\/sites\/1372\/2022\/11\/milokraj.jpg\" alt=\"Milokraj\" title=\"Milokraj\" \/>\n\t\t\t\t<p>Album Milokraj has been nominated for the Andel award 2013 (Czech grammy) in the World Music category!<\/p>\n<p>Milokraj was the\u00a0project of two cosmopolitan and visionary artists is out! &#8220;&#8221;Milokraj&#8221;&#8221; (meaning &#8220;&#8221;beloved land&#8221;&#8221; in Czech), was born out of a deep yearning to explore the music of their roots. Within a short time, Topferova and Li\u0161ka&#8217;s dynamic collaboration gave birth to stunning original songs, drawing from Czech and Moravian folklore, as well as other Slavic influences. In addition to Marta&#8217;s spirited vocals and Tomas&#8217; acoustic bass, the ensemble features an all-star line up: Moldavian cimbalom player Marcel Comendant, Slovak violinist Stano Pal\u00fach, and Czech guitarist David Dor\u016f\u017eka.<\/p>\n\n","protected":false},"excerpt":{"rendered":"<p>FROM MY WORLD OF MUSIC YOU CAN RECEIVE THE NEWS Your email adress ! WE ARE IN TOUCH Something went wrong. Please check your entries and try again. D\u00edl druh\u00fd just released! Brand new album of the band Robert K\u0159es\u0165an &amp; Druh\u00e1 tr\u00e1va just released! You can order this fantastic album at the official web&hellip;<\/p>\n","protected":false},"author":935,"featured_media":0,"parent":0,"menu_order":0,"comment_status":"closed","ping_status":"closed","template":"","meta":{"footnotes":""},"class_list":["post-7434","page","type-page","status-publish","hentry"],"_links":{"self":[{"href":"https:\/\/tomasliska.com\/en\/wp-json\/wp\/v2\/pages\/7434","targetHints":{"allow":["GET"]}}],"collection":[{"href":"https:\/\/tomasliska.com\/en\/wp-json\/wp\/v2\/pages"}],"about":[{"href":"https:\/\/tomasliska.com\/en\/wp-json\/wp\/v2\/types\/page"}],"author":[{"embeddable":true,"href":"https:\/\/tomasliska.com\/en\/wp-json\/wp\/v2\/users\/935"}],"replies":[{"embeddable":true,"href":"https:\/\/tomasliska.com\/en\/wp-json\/wp\/v2\/comments?post=7434"}],"version-history":[{"count":9,"href":"https:\/\/tomasliska.com\/en\/wp-json\/wp\/v2\/pages\/7434\/revisions"}],"predecessor-version":[{"id":7696,"href":"https:\/\/tomasliska.com\/en\/wp-json\/wp\/v2\/pages\/7434\/revisions\/7696"}],"wp:attachment":[{"href":"https:\/\/tomasliska.com\/en\/wp-json\/wp\/v2\/media?parent=7434"}],"curies":[{"name":"wp","href":"https:\/\/api.w.org\/{rel}","templated":true}]}}