{"id":7431,"date":"2022-11-17T23:37:24","date_gmt":"2022-11-17T22:37:24","guid":{"rendered":"https:\/\/tomasliska.com\/hope\/"},"modified":"2022-12-04T07:45:53","modified_gmt":"2022-12-04T06:45:53","slug":"hope","status":"publish","type":"page","link":"https:\/\/tomasliska.com\/en\/hope\/","title":{"rendered":"Hope"},"content":{"rendered":"\n\n\t\t\t\t<img loading=\"lazy\" decoding=\"async\" src=\"https:\/\/tomasliska.com\/assets\/uploads\/sites\/1372\/2022\/11\/hope-01.jpg\" alt=\"Hope_01\" height=\"2048\" width=\"2048\" title=\"Hope_01\" \/>\n\t<p>Only a select few Czech musicians can claim the honor of being nominated for a Czech Music Industry&#8217;s And\u011bl Award for every one of their albums. One of them is the pre-eminent Czech bassist Tom\u00e1\u0161 Li\u0161ka, now releasing his fifth album, &#8216;Hope&#8217; with his group.<\/p>\n<p>As with his previous releases, Li\u0161ka offers a canvas of pure, transparent instrumental music structures built on strong, captivating melodies rather than bringing attention to elaborate solos.<\/p>\n<p>The resulting musical space allows for elegant, free improvisation, benefiting from a rich palette of moods created by Li\u0161ka&#8217;s outstanding international ensemble: the Serbian accordionist\u00a0Nikola Zari\u0107, the Turkish violinist Efe Turumtay, and the phenomenal Czech drummer Kamil Slez\u00e1k.<\/p>\n\t<ol>\n<li>Mafioso<\/li>\n<li>Hope<\/li>\n<li>Shaker<\/li>\n<li>Soundtrack<\/li>\n<li>Para Virgi<\/li>\n<li>Dunga Runga<\/li>\n<li>Frankie<\/li>\n<li>Another Thing To Think About<\/li>\n<li>Hope (Radio edit)<\/li>\n<\/ol>\n<p>Total Time: 51:55<\/p>\nTom\u00e1\u0161 Li\u0161ka &#8211; acoustic bass &amp; voice<br \/>\nNikola Zari\u0107 &#8211; accordion &amp; voice<br \/>\nEfe Turumtay &#8211; violin &amp; voice<br \/>\nKamil Slez\u00e1k &#8211; drums, cajon &amp; other percussion<br \/>\nSakina Teyna &#8211; voice (track 2, 7, 9)\nAll compositions by Tom\u00e1\u0161 Li\u0161ka<br \/>\nProduced by Tom\u00e1\u0161 Li\u0161ka &amp; Invisible World<br \/>\nRecorded (March 2019) and mixed ( May 2019) by Adam Karl\u00edk at Sono Records (Czech Republic).<br \/>\nVocal tracks (2, 7, 9) recorded (April 2020) by Halil Haydar Telci at Studio Acoustic 10 (Austria).<br \/>\nMastered by Adam &amp; Pavel Karl\u00edk<br \/>\nDesign \u00a9 2020, Radek Pokorn\u00fd<br \/>\nPhotos \u00a9 2020, Du\u0161an Tom\u00e1nek\n\t\n\t\n\n","protected":false},"excerpt":{"rendered":"<p>Only a select few Czech musicians can claim the honor of being nominated for a Czech Music Industry&#8217;s And\u011bl Award for every one of their albums. One of them is the pre-eminent Czech bassist Tom\u00e1\u0161 Li\u0161ka, now releasing his fifth album, &#8216;Hope&#8217; with his group. As with his previous releases, Li\u0161ka offers a canvas of&hellip;<\/p>\n","protected":false},"author":935,"featured_media":0,"parent":0,"menu_order":0,"comment_status":"closed","ping_status":"closed","template":"","meta":{"footnotes":""},"class_list":["post-7431","page","type-page","status-publish","hentry"],"_links":{"self":[{"href":"https:\/\/tomasliska.com\/en\/wp-json\/wp\/v2\/pages\/7431","targetHints":{"allow":["GET"]}}],"collection":[{"href":"https:\/\/tomasliska.com\/en\/wp-json\/wp\/v2\/pages"}],"about":[{"href":"https:\/\/tomasliska.com\/en\/wp-json\/wp\/v2\/types\/page"}],"author":[{"embeddable":true,"href":"https:\/\/tomasliska.com\/en\/wp-json\/wp\/v2\/users\/935"}],"replies":[{"embeddable":true,"href":"https:\/\/tomasliska.com\/en\/wp-json\/wp\/v2\/comments?post=7431"}],"version-history":[{"count":3,"href":"https:\/\/tomasliska.com\/en\/wp-json\/wp\/v2\/pages\/7431\/revisions"}],"predecessor-version":[{"id":7506,"href":"https:\/\/tomasliska.com\/en\/wp-json\/wp\/v2\/pages\/7431\/revisions\/7506"}],"wp:attachment":[{"href":"https:\/\/tomasliska.com\/en\/wp-json\/wp\/v2\/media?parent=7431"}],"curies":[{"name":"wp","href":"https:\/\/api.w.org\/{rel}","templated":true}]}}