{"id":7429,"date":"2022-11-18T00:27:32","date_gmt":"2022-11-17T23:27:32","guid":{"rendered":"https:\/\/tomasliska.com\/milokraj\/"},"modified":"2022-11-18T00:27:32","modified_gmt":"2022-11-17T23:27:32","slug":"milokraj","status":"publish","type":"page","link":"https:\/\/tomasliska.com\/en\/milokraj\/","title":{"rendered":"Milokraj"},"content":{"rendered":"\n\n\t\t\t\t<img loading=\"lazy\" decoding=\"async\" src=\"https:\/\/tomasliska.com\/assets\/uploads\/sites\/1372\/2022\/11\/milokraj.jpg\" alt=\"Milokraj\" height=\"640\" width=\"640\" title=\"Milokraj\" \/>\n\t<p>CD projektu Milokraj (Tom\u00e1\u0161 Li\u0161ka &amp; Marta Topferov\u00e1) z\u00edskalo nominaci na Cenu And\u011bl 2013 v kategorii World Music!<\/p>\n<p><strong><em>Milokraj <\/em><\/strong>je hudebn\u00ed projekt a stejnojmenn\u00e9 album vizion\u00e1\u0159sk\u00e9 autorsk\u00e9 dvojice Marta Topferov\u00e1 &amp; Tom\u00e1\u0161 Li\u0161ka, v n\u011bm\u017e vzk\u0159\u00edsili motivy zn\u00e1m\u00e9 z tradi\u010dn\u00ed \u010desk\u00e9 a moravsk\u00e9 lidov\u00e9 hudby.<\/p>\n<p>Pro tyto tuzemsk\u00e9 muzikanty, znamen\u00e1 album n\u00e1vrat dom\u016f: probouz\u00ed se tu v\u011bdom\u00ed, \u017ee a\u0165 u\u017e se \u017eiv\u00ed nebo skute\u010dn\u011b vy\u017e\u00edvaj\u00ed v jak\u00e9mkoliv jin\u00e9m hudebn\u00edm sv\u011bt\u011b, jejich rodn\u00e9 etnikum se v nich nem\u016f\u017ee ztratit.<\/p>\n\t<p>S odstupem a nadhledem se Milokraj d\u00edv\u00e1 na minulost a hrd\u011b se chlub\u00ed n\u00e1rodn\u00edmi tradicemi, kter\u00e9 pomalu upadaj\u00ed v zapomn\u011bn\u00ed. Na folkl\u00f3r odkazuj\u00ed nov\u00e9 skladby sv\u00fdmi \u010dist\u00fdmi harmoniemi, p\u0159irozenou melodikou, k\u0159ehce melancholickou poetikou, pou\u017eit\u00fdmi n\u00e1stroji a texty o z\u00e1kladn\u00edch lidsk\u00fdch citech a pocitech. Bez fr\u00e1z\u00ed, banalit a kli\u0161\u00e9 se zab\u00fdvaj\u00ed l\u00e1skou v mnoha podob\u00e1ch, smutkem i radost\u00ed, tr\u00e1pen\u00edm, osudem. Auto\u0159i text\u016f jsou r\u016fzn\u00ed a podivuhodn\u011b spojuj\u00ed v\u00fdrazov\u00fd jazyk lidov\u00e9 tradice s pocitov\u00fdm sv\u011btem dne\u0161n\u00ed mlad\u00e9 generace.<\/p>\n<p>V\u00fdsledkem je pokorn\u00e1, \u010dist\u00e1, po\u00a0\u0159emesln\u00e9 str\u00e1nce dokonale zvl\u00e1dnut\u00e1 a p\u0159itom origin\u00e1ln\u00ed hudba, ke kter\u00e9 si Topferov\u00e1 a Li\u0161ka pozvali jedny z nejv\u011bt\u0161\u00edch osobnost\u00ed sou\u010dasn\u00e9 \u010desk\u00e9 a slovensk\u00e9 hudebn\u00ed sc\u00e9ny.<\/p>\n<p>Jsou jimi Stanislav Pal\u00fach (SR) na housle, David Dor\u016f\u017eka (\u010cR) na kytary a Marcel Comendant (Moldavie) na cimb\u00e1l.<\/p>\n<p>Muzikanti se otev\u0159eli v\u0161em vliv\u016fm a inspirac\u00edm a p\u016fsob\u00ed jako hodn\u011b uvoln\u011bn\u00e9 seskupen\u00ed inven\u010dn\u00edch hudebn\u00edk\u016f, kte\u0159\u00ed se inspiruj\u00ed navz\u00e1jem a z\u00e1rove\u0148 p\u016fsob\u00ed jako t\u00fdm. Poda\u0159ilo se jim naprosto funk\u010dn\u011b a p\u0159irozen\u011b skloubit harmonick\u00e9, rytmick\u00e9, melodick\u00e9 a textov\u00e9 inspirace tuzemsk\u00fdm folkl\u00f3rem s jazzem, soudobou klasickou hudbou a dal\u0161\u00edmi styly a ud\u011blat tak z \u010desk\u00e9 a moravsk\u00e9 lidov\u00e9 hudby sv\u011btovou z\u00e1le\u017eitost.<\/p>\n<p>V prosinci 2013 Milokraj boduje na sv\u011btov\u00e9 hitpar\u00e1d\u011b World Music Charts! Nasko\u010dil rovnou na osmou p\u0159\u00ed\u010dku a v lednu 2014 postoupil na \u0161estou pozici! V \u010cesk\u00e9 republice je to prozat\u00edm nejv\u011bt\u0161\u00ed \u00fasp\u011bch v konfrontaci se sv\u011btovou sc\u00e9nou. V hitpar\u00e1d\u011b hlasuje na pades\u00e1t rozhlasov\u00fdch redaktor\u016f a publicist\u016f ze sv\u011bta World Music.<\/p>\n\t\n\t\n\n","protected":false},"excerpt":{"rendered":"<p>CD projektu Milokraj (Tom\u00e1\u0161 Li\u0161ka &amp; Marta Topferov\u00e1) z\u00edskalo nominaci na Cenu And\u011bl 2013 v kategorii World Music! Milokraj je hudebn\u00ed projekt a stejnojmenn\u00e9 album vizion\u00e1\u0159sk\u00e9 autorsk\u00e9 dvojice Marta Topferov\u00e1 &amp; Tom\u00e1\u0161 Li\u0161ka, v n\u011bm\u017e vzk\u0159\u00edsili motivy zn\u00e1m\u00e9 z tradi\u010dn\u00ed \u010desk\u00e9 a moravsk\u00e9 lidov\u00e9 hudby. Pro tyto tuzemsk\u00e9 muzikanty, znamen\u00e1 album n\u00e1vrat dom\u016f: probouz\u00ed se&hellip;<\/p>\n","protected":false},"author":935,"featured_media":0,"parent":0,"menu_order":0,"comment_status":"closed","ping_status":"closed","template":"","meta":{"footnotes":""},"class_list":["post-7429","page","type-page","status-publish","hentry"],"_links":{"self":[{"href":"https:\/\/tomasliska.com\/en\/wp-json\/wp\/v2\/pages\/7429","targetHints":{"allow":["GET"]}}],"collection":[{"href":"https:\/\/tomasliska.com\/en\/wp-json\/wp\/v2\/pages"}],"about":[{"href":"https:\/\/tomasliska.com\/en\/wp-json\/wp\/v2\/types\/page"}],"author":[{"embeddable":true,"href":"https:\/\/tomasliska.com\/en\/wp-json\/wp\/v2\/users\/935"}],"replies":[{"embeddable":true,"href":"https:\/\/tomasliska.com\/en\/wp-json\/wp\/v2\/comments?post=7429"}],"version-history":[{"count":0,"href":"https:\/\/tomasliska.com\/en\/wp-json\/wp\/v2\/pages\/7429\/revisions"}],"wp:attachment":[{"href":"https:\/\/tomasliska.com\/en\/wp-json\/wp\/v2\/media?parent=7429"}],"curies":[{"name":"wp","href":"https:\/\/api.w.org\/{rel}","templated":true}]}}