{"id":7425,"date":"2022-11-18T15:19:06","date_gmt":"2022-11-18T14:19:06","guid":{"rendered":"https:\/\/tomasliska.com\/foto\/"},"modified":"2023-02-08T17:39:21","modified_gmt":"2023-02-08T16:39:21","slug":"foto","status":"publish","type":"page","link":"https:\/\/tomasliska.com\/en\/foto\/","title":{"rendered":"Foto"},"content":{"rendered":"\n<img decoding=\"async\" src=\"https:\/\/tomasliska.com\/assets\/uploads\/sites\/1372\/2022\/11\/by-vit-simanek-hres-01.jpeg\" alt=\"by_Vi\u0301t_S\u030cima\u0301nek__HRes_01\" title=\"by_Vi\u0301t_S\u030cima\u0301nek__HRes_01\">\n\t\t\t<a href=\"https:\/\/www.dropbox.com\/s\/njn9p3x5i4pxda8\/by_V%C3%ADt_%C5%A0im%C3%A1nek__HRes_01.jpeg?dl=0\" target=\"_blank\" rel=\"noopener\" role=\"button\" aria-label=\"St\u00e1hnout ve vysok\u00e9m rozli\u0161en\u00ed\">\n\t\t\t\t\t\t\t\t\t\t\tSt\u00e1hnout ve vysok\u00e9m rozli\u0161en\u00ed\n\t\t<\/a>\n\t\t\t\t<img decoding=\"async\" src=\"https:\/\/tomasliska.com\/assets\/uploads\/sites\/1372\/2022\/11\/tomas-liska-foto-by-josef-malina.jpeg\" alt=\"Tomas_Liska_foto_by_Josef_Malina\" title=\"Tomas_Liska_foto_by_Josef_Malina\">\n\t\t\t<a href=\"https:\/\/www.dropbox.com\/s\/77ee3yzytx88tgl\/Tomas_Liska_foto_by_Josef_Malina.jpeg?dl=0\" target=\"_blank\" rel=\"noopener\" role=\"button\" aria-label=\"St\u00e1hnout ve vysok\u00e9m rozli\u0161en\u00ed\">\n\t\t\t\t\t\t\t\t\t\t\tSt\u00e1hnout ve vysok\u00e9m rozli\u0161en\u00ed\n\t\t<\/a>\n\t\t\t\t<img decoding=\"async\" src=\"https:\/\/tomasliska.com\/assets\/uploads\/sites\/1372\/2022\/11\/by-vit-simanek-hres-04.jpg\" alt=\"by_Vi\u0301t_S\u030cima\u0301nek__HRes_04\" title=\"by_Vi\u0301t_S\u030cima\u0301nek__HRes_04\">\n\t\t\t<a href=\"https:\/\/www.dropbox.com\/s\/n1gxsokbf8f0awg\/by_V%C3%ADt_%C5%A0im%C3%A1nek__HRes_04.JPG?dl=0\" target=\"_blank\" rel=\"noopener\" role=\"button\" aria-label=\"St\u00e1hnout ve vysok\u00e9m rozli\u0161en\u00ed\">\n\t\t\t\t\t\t\t\t\t\t\tSt\u00e1hnout ve vysok\u00e9m rozli\u0161en\u00ed\n\t\t<\/a>\n\t\t\t\t<img decoding=\"async\" src=\"https:\/\/tomasliska.com\/assets\/uploads\/sites\/1372\/2022\/11\/by-martin-zeman.jpg\" alt=\"By Martin Zeman\" title=\"By Martin Zeman\">\n\t\t\t<a href=\"https:\/\/www.dropbox.com\/s\/yfrb2yeeabbw8og\/By%20Martin%20Zeman.jpg?dl=0\" target=\"_blank\" rel=\"noopener\" role=\"button\" aria-label=\"St\u00e1hnout ve vysok\u00e9m rozli\u0161en\u00ed\">\n\t\t\t\t\t\t\t\t\t\t\tSt\u00e1hnout ve vysok\u00e9m rozli\u0161en\u00ed\n\t\t<\/a>\n\t\t\t\t<img decoding=\"async\" src=\"https:\/\/tomasliska.com\/assets\/uploads\/sites\/1372\/2022\/11\/by-vit-simanek-hres-03.jpg\" alt=\"by_Vi\u0301t_S\u030cima\u0301nek__HRes_03\" title=\"by_Vi\u0301t_S\u030cima\u0301nek__HRes_03\">\n\t\t\t<a href=\"https:\/\/www.dropbox.com\/s\/gdm36n5jub4f8xj\/by_V%C3%ADt_%C5%A0im%C3%A1nek__HRes_03.JPG?dl=0\" target=\"_blank\" rel=\"noopener\" role=\"button\" aria-label=\"St\u00e1hnout ve vysok\u00e9m rozli\u0161en\u00ed\">\n\t\t\t\t\t\t\t\t\t\t\tSt\u00e1hnout ve vysok\u00e9m rozli\u0161en\u00ed\n\t\t<\/a>\n\t\t\t\t<img decoding=\"async\" src=\"https:\/\/tomasliska.com\/assets\/uploads\/sites\/1372\/2022\/11\/by-dusan-tomanek-01.jpg\" alt=\"By_Dusan_Tomanek_01\" title=\"By_Dusan_Tomanek_01\">\n\t\t\t<a href=\"https:\/\/www.dropbox.com\/s\/iyffs3xwotvnc6v\/By_Dusan_Tomanek_01.jpg?dl=0\" target=\"_blank\" rel=\"noopener\" role=\"button\" aria-label=\"St\u00e1hnout ve vysok\u00e9m rozli\u0161en\u00ed\">\n\t\t\t\t\t\t\t\t\t\t\tSt\u00e1hnout ve vysok\u00e9m rozli\u0161en\u00ed\n\t\t<\/a>\n\t\t\t\t<img decoding=\"async\" src=\"https:\/\/tomasliska.com\/assets\/uploads\/sites\/1372\/2022\/11\/by-vit-simanek-hres-02.jpg\" alt=\"by_Vi\u0301t_S\u030cima\u0301nek__HRes_02\" title=\"by_Vi\u0301t_S\u030cima\u0301nek__HRes_02\">\n\t\t\t<a href=\"https:\/\/www.dropbox.com\/s\/ilviv4buf39pkhf\/by_V%C3%ADt_%C5%A0im%C3%A1nek__HRes_02.JPG?dl=0\" target=\"_blank\" rel=\"noopener\" role=\"button\" aria-label=\"St\u00e1hnout ve vysok\u00e9m rozli\u0161en\u00ed\">\n\t\t\t\t\t\t\t\t\t\t\tSt\u00e1hnout ve vysok\u00e9m rozli\u0161en\u00ed\n\t\t<\/a>\n\t\t\t\t<img decoding=\"async\" src=\"https:\/\/tomasliska.com\/assets\/uploads\/sites\/1372\/2022\/11\/foto-by-engin-ozmen-02.jpeg\" alt=\"Foto_by_Engin_O\u0308zmen_02\" title=\"Foto_by_Engin_O\u0308zmen_02\">\n\t\t\t<a href=\"https:\/\/www.dropbox.com\/s\/f2dn2sfdnw3s8tk\/Foto_by_Engin_%C3%96zmen_02.jpeg?dl=0\" target=\"_blank\" rel=\"noopener\" role=\"button\" aria-label=\"St\u00e1hnout ve vysok\u00e9m rozli\u0161en\u00ed\">\n\t\t\t\t\t\t\t\t\t\t\tSt\u00e1hnout ve vysok\u00e9m rozli\u0161en\u00ed\n\t\t<\/a>\n\t\t\t\t<img decoding=\"async\" src=\"https:\/\/tomasliska.com\/assets\/uploads\/sites\/1372\/2022\/11\/by-vit-simanek-hres-05.jpg\" alt=\"by_Vi\u0301t_S\u030cima\u0301nek__HRes_05\" title=\"by_Vi\u0301t_S\u030cima\u0301nek__HRes_05\">\n\t\t\t<a href=\"https:\/\/www.dropbox.com\/s\/ofrm5e5idalgbf0\/by_V%C3%ADt_%C5%A0im%C3%A1nek__HRes_05.JPG?dl=0\" target=\"_blank\" rel=\"noopener\" role=\"button\" aria-label=\"St\u00e1hnout ve vysok\u00e9m rozli\u0161en\u00ed\">\n\t\t\t\t\t\t\t\t\t\t\tSt\u00e1hnout ve vysok\u00e9m rozli\u0161en\u00ed\n\t\t<\/a>\n","protected":false},"excerpt":{"rendered":"<p>St\u00e1hnout ve vysok\u00e9m rozli\u0161en\u00ed St\u00e1hnout ve vysok\u00e9m rozli\u0161en\u00ed St\u00e1hnout ve vysok\u00e9m rozli\u0161en\u00ed St\u00e1hnout ve vysok\u00e9m rozli\u0161en\u00ed St\u00e1hnout ve vysok\u00e9m rozli\u0161en\u00ed St\u00e1hnout ve vysok\u00e9m rozli\u0161en\u00ed St\u00e1hnout ve vysok\u00e9m rozli\u0161en\u00ed St\u00e1hnout ve vysok\u00e9m rozli\u0161en\u00ed St\u00e1hnout ve vysok\u00e9m rozli\u0161en\u00ed<\/p>\n","protected":false},"author":935,"featured_media":0,"parent":0,"menu_order":0,"comment_status":"closed","ping_status":"closed","template":"","meta":{"footnotes":""},"class_list":["post-7425","page","type-page","status-publish","hentry"],"_links":{"self":[{"href":"https:\/\/tomasliska.com\/en\/wp-json\/wp\/v2\/pages\/7425","targetHints":{"allow":["GET"]}}],"collection":[{"href":"https:\/\/tomasliska.com\/en\/wp-json\/wp\/v2\/pages"}],"about":[{"href":"https:\/\/tomasliska.com\/en\/wp-json\/wp\/v2\/types\/page"}],"author":[{"embeddable":true,"href":"https:\/\/tomasliska.com\/en\/wp-json\/wp\/v2\/users\/935"}],"replies":[{"embeddable":true,"href":"https:\/\/tomasliska.com\/en\/wp-json\/wp\/v2\/comments?post=7425"}],"version-history":[{"count":1,"href":"https:\/\/tomasliska.com\/en\/wp-json\/wp\/v2\/pages\/7425\/revisions"}],"predecessor-version":[{"id":8061,"href":"https:\/\/tomasliska.com\/en\/wp-json\/wp\/v2\/pages\/7425\/revisions\/8061"}],"wp:attachment":[{"href":"https:\/\/tomasliska.com\/en\/wp-json\/wp\/v2\/media?parent=7425"}],"curies":[{"name":"wp","href":"https:\/\/api.w.org\/{rel}","templated":true}]}}